{"id":9,"date":"2019-10-31T16:04:05","date_gmt":"2019-10-31T15:04:05","guid":{"rendered":"http:\/\/omilie.de\/?page_id=9"},"modified":"2019-10-31T18:20:57","modified_gmt":"2019-10-31T17:20:57","slug":"was-ist-omilie","status":"publish","type":"page","link":"https:\/\/omilie.de\/index.php\/was-ist-omilie\/","title":{"rendered":"Was ist Omilie?"},"content":{"rendered":"\n<p>Der Name Omilie ist eine Verbindung aus dem Wort Omi und dem Namen meiner Schwiegermutter Annelie. So hat sie alle Karten unterschrieben nachdem unser Sohn &#8211; ihr erster Enkel &#8211; geboren wurde. <br>\nLeider ist sie bereits mit 63 Jahren 2018 an Krebs gestorben. Sie hat das Leben immer umarmt und liebte es alle Menschen um sich herum zu beschenken. Zu allen m\u00f6glichen und unm\u00f6glichen Anl\u00e4ssen und manchmal auch einfach nur so. Dabei waren die Geschenke oft v\u00f6llig nutzlos, manchmal sehr schr\u00e4g und \u00fcberraschend, aber immer waren sie mit der Vorfreude ausgesucht wie es dem Beschenkten gefallen w\u00fcrde. Und nicht nur das Geschenk, auch die Verpackung zeigte immer mit liebevollen Details wie Schleifchen, Karten, Schildchen, Aufklebern, Kerzen oder S\u00fcssigkeiten wie wichtig es ihr war diesen Menschen zu beschenken. Mit diesem Blog wollen wir Anregungen geben mit Liebe zu schenken, um das Leben etwas reicher zu machen an kuriosen und liebevollen Einf\u00e4llen &#8211; Annelie h\u00e4tte die Idee ganz sicher gefallen.<br>\nDeswegen ist Omilie warm und kuschelig wie eine innige, ehrliche Umarmung. Es ist Apfelmuskuchen und Stehr\u00fcmchen. Es ist Zuh\u00f6ren und Tanzen, Engel und aufblasbare Weihnachtsb\u00e4ume, selbstgestampfter Kartoffelp\u00fcree und Lichterketten, die Freude am Schenken und an verr\u00fcckten und manchmal auch v\u00f6llig bescheuerten Ideen. Omilie ist pl\u00fcschig, zart schmelzend, bunt und aufwendig und jeder i-Punkt ist ein kleines Herzchen. Es ist sch\u00f6n und ja es ist oft komplett unn\u00fctz &#8211; aber es ist immer voller Liebe!<\/p>\n\n\n\n<p><\/p>\n","protected":false},"excerpt":{"rendered":"<p>Der Name Omilie ist eine Verbindung aus dem Wort Omi und dem Namen meiner Schwiegermutter Annelie. So hat sie alle Karten unterschrieben nachdem unser Sohn &#8211; ihr erster Enkel &#8211; geboren wurde. Leider ist sie bereits mit 63 Jahren 2018 an Krebs gestorben. Sie hat das Leben immer umarmt und liebte es alle Menschen um [&hellip;]<\/p>\n","protected":false},"author":1,"featured_media":0,"parent":0,"menu_order":0,"comment_status":"closed","ping_status":"closed","template":"","meta":{"footnotes":""},"yoast_head":"<!-- This site is optimized with the Yoast SEO plugin v21.0 - https:\/\/yoast.com\/wordpress\/plugins\/seo\/ -->\n<title>Was ist Omilie? - Omilie<\/title>\n<meta name=\"robots\" content=\"index, follow, max-snippet:-1, max-image-preview:large, max-video-preview:-1\" \/>\n<link rel=\"canonical\" href=\"https:\/\/omilie.de\/index.php\/was-ist-omilie\/\" \/>\n<meta property=\"og:locale\" content=\"de_DE\" \/>\n<meta property=\"og:type\" content=\"article\" \/>\n<meta property=\"og:title\" content=\"Was ist Omilie? - Omilie\" \/>\n<meta property=\"og:description\" content=\"Der Name Omilie ist eine Verbindung aus dem Wort Omi und dem Namen meiner Schwiegermutter Annelie. So hat sie alle Karten unterschrieben nachdem unser Sohn &#8211; ihr erster Enkel &#8211; geboren wurde. Leider ist sie bereits mit 63 Jahren 2018 an Krebs gestorben. Sie hat das Leben immer umarmt und liebte es alle Menschen um [&hellip;]\" \/>\n<meta property=\"og:url\" content=\"https:\/\/omilie.de\/index.php\/was-ist-omilie\/\" \/>\n<meta property=\"og:site_name\" content=\"Omilie\" \/>\n<meta property=\"article:modified_time\" content=\"2019-10-31T17:20:57+00:00\" \/>\n<meta name=\"twitter:card\" content=\"summary_large_image\" \/>\n<meta name=\"twitter:label1\" content=\"Gesch\u00e4tzte Lesezeit\" \/>\n\t<meta name=\"twitter:data1\" content=\"1 Minute\" \/>\n<script type=\"application\/ld+json\" class=\"yoast-schema-graph\">{\"@context\":\"https:\/\/schema.org\",\"@graph\":[{\"@type\":\"WebPage\",\"@id\":\"https:\/\/omilie.de\/index.php\/was-ist-omilie\/\",\"url\":\"https:\/\/omilie.de\/index.php\/was-ist-omilie\/\",\"name\":\"Was ist Omilie? - Omilie\",\"isPartOf\":{\"@id\":\"https:\/\/omilie.de\/#website\"},\"datePublished\":\"2019-10-31T15:04:05+00:00\",\"dateModified\":\"2019-10-31T17:20:57+00:00\",\"breadcrumb\":{\"@id\":\"https:\/\/omilie.de\/index.php\/was-ist-omilie\/#breadcrumb\"},\"inLanguage\":\"de-DE\",\"potentialAction\":[{\"@type\":\"ReadAction\",\"target\":[\"https:\/\/omilie.de\/index.php\/was-ist-omilie\/\"]}]},{\"@type\":\"BreadcrumbList\",\"@id\":\"https:\/\/omilie.de\/index.php\/was-ist-omilie\/#breadcrumb\",\"itemListElement\":[{\"@type\":\"ListItem\",\"position\":1,\"name\":\"Startseite\",\"item\":\"https:\/\/omilie.de\/\"},{\"@type\":\"ListItem\",\"position\":2,\"name\":\"Was ist Omilie?\"}]},{\"@type\":\"WebSite\",\"@id\":\"https:\/\/omilie.de\/#website\",\"url\":\"https:\/\/omilie.de\/\",\"name\":\"Omilie\",\"description\":\"\",\"potentialAction\":[{\"@type\":\"SearchAction\",\"target\":{\"@type\":\"EntryPoint\",\"urlTemplate\":\"https:\/\/omilie.de\/?s={search_term_string}\"},\"query-input\":\"required name=search_term_string\"}],\"inLanguage\":\"de-DE\"}]}<\/script>\n<!-- \/ Yoast SEO plugin. -->","yoast_head_json":{"title":"Was ist Omilie? - Omilie","robots":{"index":"index","follow":"follow","max-snippet":"max-snippet:-1","max-image-preview":"max-image-preview:large","max-video-preview":"max-video-preview:-1"},"canonical":"https:\/\/omilie.de\/index.php\/was-ist-omilie\/","og_locale":"de_DE","og_type":"article","og_title":"Was ist Omilie? - Omilie","og_description":"Der Name Omilie ist eine Verbindung aus dem Wort Omi und dem Namen meiner Schwiegermutter Annelie. So hat sie alle Karten unterschrieben nachdem unser Sohn &#8211; ihr erster Enkel &#8211; geboren wurde. Leider ist sie bereits mit 63 Jahren 2018 an Krebs gestorben. Sie hat das Leben immer umarmt und liebte es alle Menschen um [&hellip;]","og_url":"https:\/\/omilie.de\/index.php\/was-ist-omilie\/","og_site_name":"Omilie","article_modified_time":"2019-10-31T17:20:57+00:00","twitter_card":"summary_large_image","twitter_misc":{"Gesch\u00e4tzte Lesezeit":"1 Minute"},"schema":{"@context":"https:\/\/schema.org","@graph":[{"@type":"WebPage","@id":"https:\/\/omilie.de\/index.php\/was-ist-omilie\/","url":"https:\/\/omilie.de\/index.php\/was-ist-omilie\/","name":"Was ist Omilie? - Omilie","isPartOf":{"@id":"https:\/\/omilie.de\/#website"},"datePublished":"2019-10-31T15:04:05+00:00","dateModified":"2019-10-31T17:20:57+00:00","breadcrumb":{"@id":"https:\/\/omilie.de\/index.php\/was-ist-omilie\/#breadcrumb"},"inLanguage":"de-DE","potentialAction":[{"@type":"ReadAction","target":["https:\/\/omilie.de\/index.php\/was-ist-omilie\/"]}]},{"@type":"BreadcrumbList","@id":"https:\/\/omilie.de\/index.php\/was-ist-omilie\/#breadcrumb","itemListElement":[{"@type":"ListItem","position":1,"name":"Startseite","item":"https:\/\/omilie.de\/"},{"@type":"ListItem","position":2,"name":"Was ist Omilie?"}]},{"@type":"WebSite","@id":"https:\/\/omilie.de\/#website","url":"https:\/\/omilie.de\/","name":"Omilie","description":"","potentialAction":[{"@type":"SearchAction","target":{"@type":"EntryPoint","urlTemplate":"https:\/\/omilie.de\/?s={search_term_string}"},"query-input":"required name=search_term_string"}],"inLanguage":"de-DE"}]}},"_links":{"self":[{"href":"https:\/\/omilie.de\/index.php\/wp-json\/wp\/v2\/pages\/9"}],"collection":[{"href":"https:\/\/omilie.de\/index.php\/wp-json\/wp\/v2\/pages"}],"about":[{"href":"https:\/\/omilie.de\/index.php\/wp-json\/wp\/v2\/types\/page"}],"author":[{"embeddable":true,"href":"https:\/\/omilie.de\/index.php\/wp-json\/wp\/v2\/users\/1"}],"replies":[{"embeddable":true,"href":"https:\/\/omilie.de\/index.php\/wp-json\/wp\/v2\/comments?post=9"}],"version-history":[{"count":6,"href":"https:\/\/omilie.de\/index.php\/wp-json\/wp\/v2\/pages\/9\/revisions"}],"predecessor-version":[{"id":29,"href":"https:\/\/omilie.de\/index.php\/wp-json\/wp\/v2\/pages\/9\/revisions\/29"}],"wp:attachment":[{"href":"https:\/\/omilie.de\/index.php\/wp-json\/wp\/v2\/media?parent=9"}],"curies":[{"name":"wp","href":"https:\/\/api.w.org\/{rel}","templated":true}]}}